{"id":1005,"date":"2021-12-03T14:27:53","date_gmt":"2021-12-03T14:27:53","guid":{"rendered":"https:\/\/wptf.themepul.com\/ecolar\/?page_id=1005"},"modified":"2025-02-01T16:08:03","modified_gmt":"2025-02-01T16:08:03","slug":"formation-et-sensibilisation","status":"publish","type":"page","link":"https:\/\/niamaproject.com\/?page_id=1005","title":{"rendered":"Formation et sensibilisation"},"content":{"rendered":"\t\t<div data-elementor-type=\"wp-page\" data-elementor-id=\"1005\" class=\"elementor elementor-1005\" data-elementor-post-type=\"page\">\n\t\t\t\t\t\t<section class=\"elementor-section elementor-top-section elementor-element elementor-element-09d3a2c elementor-section-boxed elementor-section-height-default elementor-section-height-default\" data-id=\"09d3a2c\" data-element_type=\"section\" data-e-type=\"section\">\n\t\t\t\t\t\t<div class=\"elementor-container elementor-column-gap-default\">\n\t\t\t\t\t<div class=\"elementor-column elementor-col-33 elementor-top-column elementor-element elementor-element-45205fd\" data-id=\"45205fd\" data-element_type=\"column\" data-e-type=\"column\">\n\t\t\t<div class=\"elementor-widget-wrap elementor-element-populated\">\n\t\t\t\t\t\t<div class=\"elementor-element elementor-element-4ccc62f elementor-widget elementor-widget-ecolar_banner\" data-id=\"4ccc62f\" data-element_type=\"widget\" data-e-type=\"widget\" data-widget_type=\"ecolar_banner.default\">\n\t\t\t\t<div class=\"elementor-widget-container\">\n\t\t\t\t\t        <div class=\"ecolar-banner-wrapper\">\r\n                <h2 class=\"banner-title\">OBJECTIF G\u00c9N\u00c9RAL DU PROJET<\/h2>\r\n                <div class=\"ecolar-banner-dec\">\r\n                    <p>Promouvoir l\u2019adoption de pratiques durables pour la gestion de l\u2019eau et la conservation de la biodiversit\u00e9 aquatique, tout en engageant les communaut\u00e9s locales dans une approche participative de reconstruction \u00e9cologique et de sensibilisation environnementale.<\/p>\r\n                <\/div>\r\n                            <\/div>\r\n        \t\t\t\t<\/div>\n\t\t\t\t<\/div>\n\t\t\t\t\t<\/div>\n\t\t<\/div>\n\t\t\t\t<div class=\"elementor-column elementor-col-66 elementor-top-column elementor-element elementor-element-0747ae9\" data-id=\"0747ae9\" data-element_type=\"column\" data-e-type=\"column\">\n\t\t\t<div class=\"elementor-widget-wrap elementor-element-populated\">\n\t\t\t\t\t\t<div class=\"elementor-element elementor-element-9ee4c6f elementor-widget elementor-widget-image\" data-id=\"9ee4c6f\" data-element_type=\"widget\" data-e-type=\"widget\" data-widget_type=\"image.default\">\n\t\t\t\t<div class=\"elementor-widget-container\">\n\t\t\t\t\t\t\t\t\t\t\t\t\t\t\t<img fetchpriority=\"high\" decoding=\"async\" width=\"512\" height=\"512\" src=\"https:\/\/niamaproject.com\/wp-content\/uploads\/2025\/01\/cropped-cropped-r2.png\" class=\"attachment-full size-full wp-image-3110\" alt=\"\" srcset=\"https:\/\/niamaproject.com\/wp-content\/uploads\/2025\/01\/cropped-cropped-r2.png 512w, https:\/\/niamaproject.com\/wp-content\/uploads\/2025\/01\/cropped-cropped-r2-300x300.png 300w, https:\/\/niamaproject.com\/wp-content\/uploads\/2025\/01\/cropped-cropped-r2-150x150.png 150w, https:\/\/niamaproject.com\/wp-content\/uploads\/2025\/01\/cropped-cropped-r2-100x100.png 100w, https:\/\/niamaproject.com\/wp-content\/uploads\/2025\/01\/cropped-cropped-r2-270x270.png 270w, https:\/\/niamaproject.com\/wp-content\/uploads\/2025\/01\/cropped-cropped-r2-192x192.png 192w, https:\/\/niamaproject.com\/wp-content\/uploads\/2025\/01\/cropped-cropped-r2-180x180.png 180w, https:\/\/niamaproject.com\/wp-content\/uploads\/2025\/01\/cropped-cropped-r2-32x32.png 32w\" sizes=\"(max-width: 512px) 100vw, 512px\" \/>\t\t\t\t\t\t\t\t\t\t\t\t\t\t\t<\/div>\n\t\t\t\t<\/div>\n\t\t\t\t<div class=\"elementor-element elementor-element-aff867b elementor-widget elementor-widget-heading\" data-id=\"aff867b\" data-element_type=\"widget\" data-e-type=\"widget\" data-widget_type=\"heading.default\">\n\t\t\t\t<div class=\"elementor-widget-container\">\n\t\t\t\t\t<h2 class=\"elementor-heading-title elementor-size-default\">Formation<\/h2>\t\t\t\t<\/div>\n\t\t\t\t<\/div>\n\t\t\t\t<div class=\"elementor-element elementor-element-7d4c2cc elementor-widget elementor-widget-text-editor\" data-id=\"7d4c2cc\" data-element_type=\"widget\" data-e-type=\"widget\" data-widget_type=\"text-editor.default\">\n\t\t\t\t<div class=\"elementor-widget-container\">\n\t\t\t\t\t\t\t\t\t<p>Informer et former les communaut\u00e9s locales, coop\u00e9ratives f\u00e9minines, et \u00e9coles sur les bonnes pratiques de gestion de l\u2019eau et la pr\u00e9servation de sa qualit\u00e9.<\/p><p>.<\/p>\t\t\t\t\t\t\t\t<\/div>\n\t\t\t\t<\/div>\n\t\t\t\t<div class=\"elementor-element elementor-element-f8958ab elementor-widget elementor-widget-heading\" data-id=\"f8958ab\" data-element_type=\"widget\" data-e-type=\"widget\" data-widget_type=\"heading.default\">\n\t\t\t\t<div class=\"elementor-widget-container\">\n\t\t\t\t\t<h2 class=\"elementor-heading-title elementor-size-default\">sensibilisation\n<\/h2>\t\t\t\t<\/div>\n\t\t\t\t<\/div>\n\t\t\t\t<div class=\"elementor-element elementor-element-9e9ab3d elementor-widget elementor-widget-text-editor\" data-id=\"9e9ab3d\" data-element_type=\"widget\" data-e-type=\"widget\" data-widget_type=\"text-editor.default\">\n\t\t\t\t<div class=\"elementor-widget-container\">\n\t\t\t\t\t\t\t\t\t<p><span style=\"letter-spacing: 1px;\">Sensibiliser \u00e0 la conservation de la biodiversit\u00e9 aquatique, particuli\u00e8rement dans les zones end\u00e9miques et fragiles<\/span><\/p>\t\t\t\t\t\t\t\t<\/div>\n\t\t\t\t<\/div>\n\t\t\t\t<section class=\"elementor-section elementor-inner-section elementor-element elementor-element-02ed999 elementor-section-boxed elementor-section-height-default elementor-section-height-default\" data-id=\"02ed999\" data-element_type=\"section\" data-e-type=\"section\">\n\t\t\t\t\t\t<div class=\"elementor-container elementor-column-gap-default\">\n\t\t\t\t\t<div class=\"elementor-column elementor-col-50 elementor-inner-column elementor-element elementor-element-934ea6a\" data-id=\"934ea6a\" data-element_type=\"column\" data-e-type=\"column\">\n\t\t\t<div class=\"elementor-widget-wrap elementor-element-populated\">\n\t\t\t\t\t\t<div class=\"elementor-element elementor-element-e350bce elementor-widget elementor-widget-ecolar_infobox\" data-id=\"e350bce\" data-element_type=\"widget\" data-e-type=\"widget\" data-widget_type=\"ecolar_infobox.default\">\n\t\t\t\t<div class=\"elementor-widget-container\">\n\t\t\t\t\t        <div class=\"infobox-wrapper\">\r\n            <div class=\"infobox-inner\">\r\n                                <div class=\"infobox-img\">\r\n                    <img decoding=\"async\" width=\"960\" height=\"1280\" src=\"https:\/\/niamaproject.com\/wp-content\/uploads\/2025\/01\/WhatsApp-Image-2025-01-24-at-16.25.15.jpeg\" class=\"attachment-full size-full wp-image-3318\" alt=\"\" srcset=\"https:\/\/niamaproject.com\/wp-content\/uploads\/2025\/01\/WhatsApp-Image-2025-01-24-at-16.25.15.jpeg 960w, https:\/\/niamaproject.com\/wp-content\/uploads\/2025\/01\/WhatsApp-Image-2025-01-24-at-16.25.15-225x300.jpeg 225w, https:\/\/niamaproject.com\/wp-content\/uploads\/2025\/01\/WhatsApp-Image-2025-01-24-at-16.25.15-768x1024.jpeg 768w, https:\/\/niamaproject.com\/wp-content\/uploads\/2025\/01\/WhatsApp-Image-2025-01-24-at-16.25.15-600x800.jpeg 600w\" sizes=\"(max-width: 960px) 100vw, 960px\" \/>                <\/div>\r\n                                <h2 class=\"infobox-title\">\r\n                    <a href=\"https:\/\/niamaproject.com\/?page_id=962\"   > <\/a>                <\/h2>\r\n            <\/div>\r\n        <\/div>\r\n        \t\t\t\t<\/div>\n\t\t\t\t<\/div>\n\t\t\t\t\t<\/div>\n\t\t<\/div>\n\t\t\t\t<div class=\"elementor-column elementor-col-50 elementor-inner-column elementor-element elementor-element-f68a890\" data-id=\"f68a890\" data-element_type=\"column\" data-e-type=\"column\">\n\t\t\t<div class=\"elementor-widget-wrap elementor-element-populated\">\n\t\t\t\t\t\t<div class=\"elementor-element elementor-element-3bf8405 elementor-widget elementor-widget-ecolar_infobox\" data-id=\"3bf8405\" data-element_type=\"widget\" data-e-type=\"widget\" data-widget_type=\"ecolar_infobox.default\">\n\t\t\t\t<div class=\"elementor-widget-container\">\n\t\t\t\t\t        <div class=\"infobox-wrapper\">\r\n            <div class=\"infobox-inner\">\r\n                                <div class=\"infobox-img\">\r\n                    <img decoding=\"async\" width=\"960\" height=\"1280\" src=\"https:\/\/niamaproject.com\/wp-content\/uploads\/2025\/01\/WhatsApp-Image-2025-01-24-at-16.24.31.jpeg\" class=\"attachment-full size-full wp-image-3320\" alt=\"\" srcset=\"https:\/\/niamaproject.com\/wp-content\/uploads\/2025\/01\/WhatsApp-Image-2025-01-24-at-16.24.31.jpeg 960w, https:\/\/niamaproject.com\/wp-content\/uploads\/2025\/01\/WhatsApp-Image-2025-01-24-at-16.24.31-225x300.jpeg 225w, https:\/\/niamaproject.com\/wp-content\/uploads\/2025\/01\/WhatsApp-Image-2025-01-24-at-16.24.31-768x1024.jpeg 768w, https:\/\/niamaproject.com\/wp-content\/uploads\/2025\/01\/WhatsApp-Image-2025-01-24-at-16.24.31-600x800.jpeg 600w\" sizes=\"(max-width: 960px) 100vw, 960px\" \/>                <\/div>\r\n                                <h2 class=\"infobox-title\">\r\n                    <a href=\"https:\/\/niamaproject.com\/?page_id=962\"   > <\/a>                <\/h2>\r\n            <\/div>\r\n        <\/div>\r\n        \t\t\t\t<\/div>\n\t\t\t\t<\/div>\n\t\t\t\t\t<\/div>\n\t\t<\/div>\n\t\t\t\t\t<\/div>\n\t\t<\/section>\n\t\t\t\t\t<\/div>\n\t\t<\/div>\n\t\t\t\t\t<\/div>\n\t\t<\/section>\n\t\t\t\t<\/div>\n\t\t","protected":false},"excerpt":{"rendered":"<p>OBJECTIF G\u00c9N\u00c9RAL DU PROJET Promouvoir l\u2019adoption de pratiques durables pour la gestion de l\u2019eau et la conservation de la biodiversit\u00e9 aquatique, tout en engageant les communaut\u00e9s locales dans une approche participative de reconstruction \u00e9cologique et de sensibilisation environnementale. Formation Informer et former les communaut\u00e9s locales, coop\u00e9ratives f\u00e9minines, et \u00e9coles sur les bonnes pratiques de gestion [&hellip;]<\/p>\n","protected":false},"author":1,"featured_media":0,"parent":962,"menu_order":0,"comment_status":"closed","ping_status":"closed","template":"","meta":{"give_campaign_id":0,"footnotes":""},"class_list":["post-1005","page","type-page","status-publish","hentry"],"campaignId":"","_links":{"self":[{"href":"https:\/\/niamaproject.com\/index.php?rest_route=\/wp\/v2\/pages\/1005","targetHints":{"allow":["GET"]}}],"collection":[{"href":"https:\/\/niamaproject.com\/index.php?rest_route=\/wp\/v2\/pages"}],"about":[{"href":"https:\/\/niamaproject.com\/index.php?rest_route=\/wp\/v2\/types\/page"}],"author":[{"embeddable":true,"href":"https:\/\/niamaproject.com\/index.php?rest_route=\/wp\/v2\/users\/1"}],"replies":[{"embeddable":true,"href":"https:\/\/niamaproject.com\/index.php?rest_route=%2Fwp%2Fv2%2Fcomments&post=1005"}],"version-history":[{"count":4,"href":"https:\/\/niamaproject.com\/index.php?rest_route=\/wp\/v2\/pages\/1005\/revisions"}],"predecessor-version":[{"id":3469,"href":"https:\/\/niamaproject.com\/index.php?rest_route=\/wp\/v2\/pages\/1005\/revisions\/3469"}],"up":[{"embeddable":true,"href":"https:\/\/niamaproject.com\/index.php?rest_route=\/wp\/v2\/pages\/962"}],"wp:attachment":[{"href":"https:\/\/niamaproject.com\/index.php?rest_route=%2Fwp%2Fv2%2Fmedia&parent=1005"}],"curies":[{"name":"wp","href":"https:\/\/api.w.org\/{rel}","templated":true}]}}