{"id":1018,"date":"2021-12-03T14:34:06","date_gmt":"2021-12-03T14:34:06","guid":{"rendered":"https:\/\/wptf.themepul.com\/ecolar\/?page_id=1018"},"modified":"2025-02-01T16:08:49","modified_gmt":"2025-02-01T16:08:49","slug":"engagement-communautaire","status":"publish","type":"page","link":"https:\/\/niamaproject.com\/?page_id=1018","title":{"rendered":"Engagement communautaire"},"content":{"rendered":"\t\t<div data-elementor-type=\"wp-page\" data-elementor-id=\"1018\" class=\"elementor elementor-1018\" data-elementor-post-type=\"page\">\n\t\t\t\t\t\t<section class=\"elementor-section elementor-top-section elementor-element elementor-element-09d3a2c elementor-section-boxed elementor-section-height-default elementor-section-height-default\" data-id=\"09d3a2c\" data-element_type=\"section\" data-e-type=\"section\">\n\t\t\t\t\t\t<div class=\"elementor-container elementor-column-gap-default\">\n\t\t\t\t\t<div class=\"elementor-column elementor-col-33 elementor-top-column elementor-element elementor-element-45205fd\" data-id=\"45205fd\" data-element_type=\"column\" data-e-type=\"column\">\n\t\t\t<div class=\"elementor-widget-wrap elementor-element-populated\">\n\t\t\t\t\t\t<div class=\"elementor-element elementor-element-4ccc62f elementor-widget elementor-widget-ecolar_banner\" data-id=\"4ccc62f\" data-element_type=\"widget\" data-e-type=\"widget\" data-widget_type=\"ecolar_banner.default\">\n\t\t\t\t<div class=\"elementor-widget-container\">\n\t\t\t\t\t        <div class=\"ecolar-banner-wrapper\">\r\n                <h2 class=\"banner-title\">OBJECTIF G\u00c9N\u00c9RAL DU PROJET<\/h2>\r\n                <div class=\"ecolar-banner-dec\">\r\n                    <p>Promouvoir l\u2019adoption de pratiques durables pour la gestion de l\u2019eau et la conservation de la biodiversit\u00e9 aquatique, tout en engageant les communaut\u00e9s locales dans une approche participative de reconstruction \u00e9cologique et de sensibilisation environnementale.\n\n<\/p>\r\n                <\/div>\r\n                            <\/div>\r\n        \t\t\t\t<\/div>\n\t\t\t\t<\/div>\n\t\t\t\t\t<\/div>\n\t\t<\/div>\n\t\t\t\t<div class=\"elementor-column elementor-col-66 elementor-top-column elementor-element elementor-element-0747ae9\" data-id=\"0747ae9\" data-element_type=\"column\" data-e-type=\"column\">\n\t\t\t<div class=\"elementor-widget-wrap elementor-element-populated\">\n\t\t\t\t\t\t<div class=\"elementor-element elementor-element-9ee4c6f elementor-widget elementor-widget-image\" data-id=\"9ee4c6f\" data-element_type=\"widget\" data-e-type=\"widget\" data-widget_type=\"image.default\">\n\t\t\t\t<div class=\"elementor-widget-container\">\n\t\t\t\t\t\t\t\t\t\t\t\t\t\t\t<img fetchpriority=\"high\" decoding=\"async\" width=\"2242\" height=\"2242\" src=\"https:\/\/niamaproject.com\/wp-content\/uploads\/2025\/01\/r2.png\" class=\"attachment-full size-full wp-image-3108\" alt=\"\" srcset=\"https:\/\/niamaproject.com\/wp-content\/uploads\/2025\/01\/r2.png 2242w, https:\/\/niamaproject.com\/wp-content\/uploads\/2025\/01\/r2-300x300.png 300w, https:\/\/niamaproject.com\/wp-content\/uploads\/2025\/01\/r2-1024x1024.png 1024w, https:\/\/niamaproject.com\/wp-content\/uploads\/2025\/01\/r2-150x150.png 150w, https:\/\/niamaproject.com\/wp-content\/uploads\/2025\/01\/r2-768x768.png 768w, https:\/\/niamaproject.com\/wp-content\/uploads\/2025\/01\/r2-1536x1536.png 1536w, https:\/\/niamaproject.com\/wp-content\/uploads\/2025\/01\/r2-2048x2048.png 2048w, https:\/\/niamaproject.com\/wp-content\/uploads\/2025\/01\/r2-600x600.png 600w, https:\/\/niamaproject.com\/wp-content\/uploads\/2025\/01\/r2-100x100.png 100w\" sizes=\"(max-width: 2242px) 100vw, 2242px\" \/>\t\t\t\t\t\t\t\t\t\t\t\t\t\t\t<\/div>\n\t\t\t\t<\/div>\n\t\t\t\t<div class=\"elementor-element elementor-element-aff867b elementor-widget elementor-widget-heading\" data-id=\"aff867b\" data-element_type=\"widget\" data-e-type=\"widget\" data-widget_type=\"heading.default\">\n\t\t\t\t<div class=\"elementor-widget-container\">\n\t\t\t\t\t<h2 class=\"elementor-heading-title elementor-size-default\">Engagement communautaire : \n<\/h2>\t\t\t\t<\/div>\n\t\t\t\t<\/div>\n\t\t\t\t<div class=\"elementor-element elementor-element-7d4c2cc elementor-widget elementor-widget-text-editor\" data-id=\"7d4c2cc\" data-element_type=\"widget\" data-e-type=\"widget\" data-widget_type=\"text-editor.default\">\n\t\t\t\t<div class=\"elementor-widget-container\">\n\t\t\t\t\t\t\t\t\t<p>Encourager l&#8217;implication active des populations dans des actions de pr\u00e9servation de l&#8217;environnement \u00e0 travers des ateliers, des enqu\u00eates, et des actions de terrain,\u00a0 embellissement des villages.<\/p>\t\t\t\t\t\t\t\t<\/div>\n\t\t\t\t<\/div>\n\t\t\t\t<section class=\"elementor-section elementor-inner-section elementor-element elementor-element-5526868 elementor-section-boxed elementor-section-height-default elementor-section-height-default\" data-id=\"5526868\" data-element_type=\"section\" data-e-type=\"section\">\n\t\t\t\t\t\t<div class=\"elementor-container elementor-column-gap-default\">\n\t\t\t\t\t<div class=\"elementor-column elementor-col-50 elementor-inner-column elementor-element elementor-element-a269998\" data-id=\"a269998\" data-element_type=\"column\" data-e-type=\"column\">\n\t\t\t<div class=\"elementor-widget-wrap elementor-element-populated\">\n\t\t\t\t\t\t<div class=\"elementor-element elementor-element-811ebee elementor-widget elementor-widget-ecolar_infobox\" data-id=\"811ebee\" data-element_type=\"widget\" data-e-type=\"widget\" data-widget_type=\"ecolar_infobox.default\">\n\t\t\t\t<div class=\"elementor-widget-container\">\n\t\t\t\t\t        <div class=\"infobox-wrapper\">\r\n            <div class=\"infobox-inner\">\r\n                                <div class=\"infobox-img\">\r\n                    <img decoding=\"async\" width=\"960\" height=\"1280\" src=\"https:\/\/niamaproject.com\/wp-content\/uploads\/2025\/01\/WhatsApp-Image-2025-01-24-at-16.25.23-3.jpeg\" class=\"attachment-full size-full wp-image-3321\" alt=\"\" srcset=\"https:\/\/niamaproject.com\/wp-content\/uploads\/2025\/01\/WhatsApp-Image-2025-01-24-at-16.25.23-3.jpeg 960w, https:\/\/niamaproject.com\/wp-content\/uploads\/2025\/01\/WhatsApp-Image-2025-01-24-at-16.25.23-3-225x300.jpeg 225w, https:\/\/niamaproject.com\/wp-content\/uploads\/2025\/01\/WhatsApp-Image-2025-01-24-at-16.25.23-3-768x1024.jpeg 768w, https:\/\/niamaproject.com\/wp-content\/uploads\/2025\/01\/WhatsApp-Image-2025-01-24-at-16.25.23-3-600x800.jpeg 600w\" sizes=\"(max-width: 960px) 100vw, 960px\" \/>                <\/div>\r\n                                <h2 class=\"infobox-title\">\r\n                                     <\/h2>\r\n            <\/div>\r\n        <\/div>\r\n        \t\t\t\t<\/div>\n\t\t\t\t<\/div>\n\t\t\t\t\t<\/div>\n\t\t<\/div>\n\t\t\t\t<div class=\"elementor-column elementor-col-50 elementor-inner-column elementor-element elementor-element-6034ca8\" data-id=\"6034ca8\" data-element_type=\"column\" data-e-type=\"column\">\n\t\t\t<div class=\"elementor-widget-wrap elementor-element-populated\">\n\t\t\t\t\t\t<div class=\"elementor-element elementor-element-d50a826 elementor-widget elementor-widget-ecolar_infobox\" data-id=\"d50a826\" data-element_type=\"widget\" data-e-type=\"widget\" data-widget_type=\"ecolar_infobox.default\">\n\t\t\t\t<div class=\"elementor-widget-container\">\n\t\t\t\t\t        <div class=\"infobox-wrapper\">\r\n            <div class=\"infobox-inner\">\r\n                                <div class=\"infobox-img\">\r\n                    <img decoding=\"async\" width=\"960\" height=\"1280\" src=\"https:\/\/niamaproject.com\/wp-content\/uploads\/2025\/01\/5e1e8f0a-52ed-4758-a711-1c90d266c0c6.jpg\" class=\"attachment-full size-full wp-image-3322\" alt=\"\" srcset=\"https:\/\/niamaproject.com\/wp-content\/uploads\/2025\/01\/5e1e8f0a-52ed-4758-a711-1c90d266c0c6.jpg 960w, https:\/\/niamaproject.com\/wp-content\/uploads\/2025\/01\/5e1e8f0a-52ed-4758-a711-1c90d266c0c6-225x300.jpg 225w, https:\/\/niamaproject.com\/wp-content\/uploads\/2025\/01\/5e1e8f0a-52ed-4758-a711-1c90d266c0c6-768x1024.jpg 768w, https:\/\/niamaproject.com\/wp-content\/uploads\/2025\/01\/5e1e8f0a-52ed-4758-a711-1c90d266c0c6-600x800.jpg 600w\" sizes=\"(max-width: 960px) 100vw, 960px\" \/>                <\/div>\r\n                                <h2 class=\"infobox-title\">\r\n                    <a href=\"https:\/\/niamaproject.com\/?page_id=962\"   > <\/a>                <\/h2>\r\n            <\/div>\r\n        <\/div>\r\n        \t\t\t\t<\/div>\n\t\t\t\t<\/div>\n\t\t\t\t\t<\/div>\n\t\t<\/div>\n\t\t\t\t\t<\/div>\n\t\t<\/section>\n\t\t\t\t\t<\/div>\n\t\t<\/div>\n\t\t\t\t\t<\/div>\n\t\t<\/section>\n\t\t\t\t<\/div>\n\t\t","protected":false},"excerpt":{"rendered":"<p>OBJECTIF G\u00c9N\u00c9RAL DU PROJET Promouvoir l\u2019adoption de pratiques durables pour la gestion de l\u2019eau et la conservation de la biodiversit\u00e9 aquatique, tout en engageant les communaut\u00e9s locales dans une approche participative de reconstruction \u00e9cologique et de sensibilisation environnementale. Engagement communautaire : Encourager l&#8217;implication active des populations dans des actions de pr\u00e9servation de l&#8217;environnement \u00e0 travers [&hellip;]<\/p>\n","protected":false},"author":1,"featured_media":0,"parent":962,"menu_order":0,"comment_status":"closed","ping_status":"closed","template":"","meta":{"give_campaign_id":0,"footnotes":""},"class_list":["post-1018","page","type-page","status-publish","hentry"],"campaignId":"","_links":{"self":[{"href":"https:\/\/niamaproject.com\/index.php?rest_route=\/wp\/v2\/pages\/1018","targetHints":{"allow":["GET"]}}],"collection":[{"href":"https:\/\/niamaproject.com\/index.php?rest_route=\/wp\/v2\/pages"}],"about":[{"href":"https:\/\/niamaproject.com\/index.php?rest_route=\/wp\/v2\/types\/page"}],"author":[{"embeddable":true,"href":"https:\/\/niamaproject.com\/index.php?rest_route=\/wp\/v2\/users\/1"}],"replies":[{"embeddable":true,"href":"https:\/\/niamaproject.com\/index.php?rest_route=%2Fwp%2Fv2%2Fcomments&post=1018"}],"version-history":[{"count":10,"href":"https:\/\/niamaproject.com\/index.php?rest_route=\/wp\/v2\/pages\/1018\/revisions"}],"predecessor-version":[{"id":3470,"href":"https:\/\/niamaproject.com\/index.php?rest_route=\/wp\/v2\/pages\/1018\/revisions\/3470"}],"up":[{"embeddable":true,"href":"https:\/\/niamaproject.com\/index.php?rest_route=\/wp\/v2\/pages\/962"}],"wp:attachment":[{"href":"https:\/\/niamaproject.com\/index.php?rest_route=%2Fwp%2Fv2%2Fmedia&parent=1018"}],"curies":[{"name":"wp","href":"https:\/\/api.w.org\/{rel}","templated":true}]}}